{"id":1529,"date":"2025-12-08T23:24:46","date_gmt":"2025-12-08T23:24:46","guid":{"rendered":"https:\/\/ohpair.weplika.com\/work-access\/"},"modified":"2026-01-17T19:20:18","modified_gmt":"2026-01-17T19:20:18","slug":"work-access","status":"publish","type":"page","link":"https:\/\/ohpair.weplika.com\/es\/work-access\/","title":{"rendered":"Work Access"},"content":{"rendered":"<div class=\"wp-block-stackable-columns alignfull stk-block-columns stk-block stk-7213551 stk-block-background\" data-block-id=\"7213551\"><style>.stk-7213551 {margin-bottom:0px !important;}.stk-7213551-column{--stk-column-gap:var(--stk--preset--spacing--40, 30px) !important;flex-wrap:wrap !important;--stk-flex-grow:0 !important;row-gap:var(--stk--preset--spacing--40, 30px) !important;}@media screen and (max-width:689px){.stk-7213551 {--stk-col-order-1:2 !important;--stk-col-order-2:1 !important;--stk-col-order-3:3 !important;}}<\/style><div class=\"stk-row stk-inner-blocks stk-block-content stk-content-align stk-7213551-column alignwide\">\n<div class=\"wp-block-stackable-column stk-block-column stk-column stk-block stk-2f652c8\" data-v=\"4\" data-block-id=\"2f652c8\"><style>.stk-2f652c8-inner-blocks{justify-content:center !important;}<\/style><div class=\"stk-column-wrapper stk-block-column__content stk-container stk-2f652c8-container stk--no-background stk--no-padding\"><div class=\"stk--column-flex stk-block-content stk-inner-blocks stk-2f652c8-inner-blocks\">\n<div class=\"wp-block-stackable-heading stk-block-heading stk-block-heading--v2 stk-block stk-dbaa098\" id=\"heading-placeholder\" data-block-id=\"dbaa098\"><h2 class=\"stk-block-heading__text\">Tu Acceso al Mercado Laboral en Canad\u00e1<\/h2><\/div>\n\n\n\n<div class=\"wp-block-stackable-text stk-block-text stk-block stk-9f95b03\" data-block-id=\"9f95b03\"><p class=\"stk-block-text__text\">Aprende c\u00f3mo funciona el mercado laboral, mejora tu CV al estilo canadiense y aplica con confianza. Te acompa\u00f1amos con estrategias claras, ejemplos reales y soporte continuo para que alcances tus metas laborales.<\/p><\/div>\n\n\n\n<div class=\"wp-block-stackable-button-group stk-block-button-group stk-block stk-9c2f398\" data-block-id=\"9c2f398\"><div class=\"stk-row stk-inner-blocks stk-block-content stk-button-group\">\n<div class=\"wp-block-stackable-button stk-block-button stk-block stk-29bc061\" data-block-id=\"29bc061\"><a class=\"stk-link stk-button stk--hover-effect-darken\" href=\"\"><span class=\"stk-button__inner-text\"><strong>Conocer M\u00e1s<\/strong><\/span><\/a><\/div>\n<\/div><\/div>\n<\/div><\/div><\/div>\n\n\n\n<div class=\"wp-block-stackable-column stk-block-column stk-column stk-block stk-faf80aa\" data-v=\"4\" data-block-id=\"faf80aa\"><div class=\"stk-column-wrapper stk-block-column__content stk-container stk-faf80aa-container stk--no-background stk--no-padding\"><div class=\"stk-block-content stk-inner-blocks stk-faf80aa-inner-blocks\">\n<div class=\"wp-block-stackable-image stk-block-image stk-block stk-1743425 stk-block-background\" data-block-id=\"1743425\"><style>.stk-1743425 {background-color:var(--theme-palette-color-4, #000000) !important;}.stk-1743425:before{background-color:var(--theme-palette-color-4, #000000) !important;}.stk-1743425 .stk-img-wrapper{aspect-ratio:1\/1 !important;width:100% !important;height:749px !important;}<\/style><figure><span class=\"stk-img-wrapper stk-image--shape-stretch\"><img loading=\"lazy\" decoding=\"async\" class=\"stk-img wp-image-1533\" src=\"https:\/\/ohpair.weplika.com\/wp-content\/uploads\/2025\/12\/WhatsApp-Image-2025-12-08-at-15.46.49-e1765237655494.jpeg\" width=\"1050\" height=\"667\" srcset=\"https:\/\/ohpair.weplika.com\/wp-content\/uploads\/2025\/12\/WhatsApp-Image-2025-12-08-at-15.46.49-e1765237655494.jpeg 1050w, https:\/\/ohpair.weplika.com\/wp-content\/uploads\/2025\/12\/WhatsApp-Image-2025-12-08-at-15.46.49-e1765237655494-300x191.jpeg 300w, https:\/\/ohpair.weplika.com\/wp-content\/uploads\/2025\/12\/WhatsApp-Image-2025-12-08-at-15.46.49-e1765237655494-1024x650.jpeg 1024w, https:\/\/ohpair.weplika.com\/wp-content\/uploads\/2025\/12\/WhatsApp-Image-2025-12-08-at-15.46.49-e1765237655494-768x488.jpeg 768w, https:\/\/ohpair.weplika.com\/wp-content\/uploads\/2025\/12\/WhatsApp-Image-2025-12-08-at-15.46.49-e1765237655494-18x12.jpeg 18w, https:\/\/ohpair.weplika.com\/wp-content\/uploads\/2025\/12\/WhatsApp-Image-2025-12-08-at-15.46.49-e1765237655494-500x318.jpeg 500w, https:\/\/ohpair.weplika.com\/wp-content\/uploads\/2025\/12\/WhatsApp-Image-2025-12-08-at-15.46.49-e1765237655494-600x381.jpeg 600w\" sizes=\"auto, (max-width: 1050px) 100vw, 1050px\" \/><\/span><\/figure><\/div>\n<\/div><\/div><\/div>\n<\/div><\/div>\n\n\n\n<div class=\"wp-block-stackable-columns alignfull stk-block-columns stk-block stk-c3eb531\" data-block-id=\"c3eb531\"><style>.stk-c3eb531 {margin-top:var(--stk--preset--spacing--70, 3.38rem) !important;margin-bottom:var(--stk--preset--spacing--70, 3.38rem) !important;}<\/style><div class=\"stk-row stk-inner-blocks stk-block-content stk-content-align stk-c3eb531-column alignwide\">\n<div class=\"wp-block-stackable-column stk-block-column stk-column stk-block stk-97d4ee4\" data-v=\"4\" data-block-id=\"97d4ee4\"><style>@media screen and (min-width:690px) and (max-width:999px){.stk-97d4ee4 {flex:var(--stk-flex-grow, 1) 1 calc(100% - var(--stk-column-gap, 0px) * 0 \/ 1 ) !important;}}<\/style><div class=\"stk-column-wrapper stk-block-column__content stk-container stk-97d4ee4-container stk--no-background stk--no-padding\"><div class=\"stk-block-content stk-inner-blocks stk-97d4ee4-inner-blocks\">\n<div class=\"wp-block-stackable-heading stk-block-heading stk-block-heading--v2 stk-block stk-e99aebd\" id=\"heading-placeholder\" data-block-id=\"e99aebd\"><style>.stk-e99aebd {margin-bottom:16px !important;}<\/style><h2 class=\"stk-block-heading__text\">PAQUETE WORK ACCESS<\/h2><\/div>\n\n\n\n<div class=\"wp-block-stackable-text stk-block-text stk-block stk-7bef734\" data-block-id=\"7bef734\"><style>.stk-7bef734 {margin-bottom:23px !important;}.stk-7bef734 .stk-block-text__text{font-size:var(--stk--preset--font-size--medium, 1rem) !important;}@media screen and (max-width:999px){.stk-7bef734 .stk-block-text__text{font-size:var(--stk--preset--font-size--medium, 1rem) !important;}}<\/style><p class=\"stk-block-text__text\">Un programa pr\u00e1ctico y guiado para personas que ya est\u00e1n en Canad\u00e1 y quieren conseguir trabajo de forma realista, segura y estrat\u00e9gica, aunque su ingl\u00e9s no sea perfecto.<\/p><\/div>\n\n\n\n<div class=\"wp-block-stackable-text stk-block-text stk-block stk-3e70d0f\" data-block-id=\"3e70d0f\"><style>.stk-3e70d0f {margin-bottom:40px !important;}.stk-3e70d0f .stk-block-text__text{font-size:var(--stk--preset--font-size--medium, 1rem) !important;}@media screen and (max-width:999px){.stk-3e70d0f .stk-block-text__text{font-size:var(--stk--preset--font-size--medium, 1rem) !important;}}<\/style><p class=\"stk-block-text__text\">Durante 6 semanas te acompa\u00f1amos paso a paso para que entiendas c\u00f3mo funciona el mercado laboral canadiense, apliques correctamente y ganes confianza en entrevistas.<\/p><\/div>\n<\/div><\/div><\/div>\n\n\n\n<div class=\"wp-block-stackable-column stk-block-column stk-column stk-block stk-63e67e1\" data-v=\"4\" id=\"PRECIO\" data-block-id=\"63e67e1\"><style>@media screen and (min-width:690px) and (max-width:999px){.stk-63e67e1 {flex:var(--stk-flex-grow, 1) 1 calc(100% - var(--stk-column-gap, 0px) * 0 \/ 1 ) !important;}}<\/style><div class=\"stk-column-wrapper stk-block-column__content stk-container stk-63e67e1-container stk-hover-parent\"><div class=\"stk-block-content stk-inner-blocks stk-63e67e1-inner-blocks\">\n<div class=\"wp-block-stackable-columns stk-block-columns stk-block stk-c428fb1\" data-block-id=\"c428fb1\"><div class=\"stk-row stk-inner-blocks stk-block-content stk-content-align stk-c428fb1-column\">\n<div class=\"wp-block-stackable-column stk-block-column stk-column stk-block stk-185142f\" data-v=\"4\" data-block-id=\"185142f\"><style>@media screen and (min-width:690px){.stk-185142f {flex:var(--stk-flex-grow, 1) 1 calc(33.334% - var(--stk-column-gap, 0px) * 1 \/ 2 ) !important;}}<\/style><div class=\"stk-column-wrapper stk-block-column__content stk-container stk-185142f-container stk--no-background stk--no-padding\"><div class=\"stk-block-content stk-inner-blocks stk-185142f-inner-blocks\">\n<div class=\"wp-block-stackable-price stk-block-price stk-block stk-d7756cd\" data-block-id=\"d7756cd\">\n<span class=\"wp-block-stackable-text stk-block-text stk-block stk-17ca6e9\" data-block-id=\"17ca6e9\"><span class=\"stk-block-text__text\">$<\/span><\/span>\n\n\n\n<span class=\"wp-block-stackable-text stk-block-text stk-block stk-f594fbf stk-block-price__price\" data-block-id=\"f594fbf\"><span class=\"stk-block-text__text\">375<\/span><\/span>\n\n\n\n<span class=\"wp-block-stackable-text stk-block-text stk-block stk-4d1e9a1\" data-block-id=\"4d1e9a1\"><span class=\"stk-block-text__text\"><\/span><\/span>\n<\/div>\n<\/div><\/div><\/div>\n\n\n\n<div class=\"wp-block-stackable-column stk-block-column stk-column stk-block stk-8300daa\" data-v=\"4\" data-block-id=\"8300daa\"><style>@media screen and (min-width:690px){.stk-8300daa {flex:var(--stk-flex-grow, 1) 1 calc(66.666% - var(--stk-column-gap, 0px) * 1 \/ 2 ) !important;}}<\/style><div class=\"stk-column-wrapper stk-block-column__content stk-container stk-8300daa-container stk--no-background stk--no-padding\"><div class=\"stk-block-content stk-inner-blocks stk-8300daa-inner-blocks\">\n<div class=\"wp-block-stackable-subtitle stk-block-subtitle stk-block stk-42db290\" data-block-id=\"42db290\"><style>.stk-42db290 {margin-bottom:16px !important;}.stk-42db290 .stk-block-subtitle__text{text-transform:uppercase !important;}<\/style><p class=\"stk-block-subtitle__text stk-subtitle\">PAQUETE WORK ACCESS PREMIUM<\/p><\/div>\n<\/div><\/div><\/div>\n<\/div><\/div>\n\n\n\n<div class=\"wp-block-stackable-divider stk-block-divider stk-block stk-205241a\" data-block-id=\"205241a\"><style>.stk-205241a hr.stk-block-divider__hr{width:100% !important;}<\/style><hr class=\"stk-block-divider__hr\"\/><\/div>\n\n\n\n<div class=\"wp-block-stackable-icon-list stk-block-icon-list stk-block stk-ab51dc9\" data-block-id=\"ab51dc9\"><style>.stk-ab51dc9 .stk-block-icon-list-item__content{align-items:baseline !important;}<\/style><svg style=\"display:none\"><defs><g id=\"stk-icon-list__icon-svg-def-ab51dc9\"><svg xmlns=\"http:\/\/www.w3.org\/2000\/svg\" viewbox=\"0 0 190 190\"><polygon points=\"173.8,28.4 60.4,141.8 15.7,97.2 5.1,107.8 60.4,163 184.4,39 173.8,28.4\"\/><\/svg><\/g><\/defs><\/svg><ul class=\"stk-block-icon-list__ul stk-block-icon-list--column\">\n<li class=\"wp-block-stackable-icon-list-item stk-block-icon-list-item stk-block stk-2236675\" data-block-id=\"2236675\"><div class=\"stk-block-icon-list-item__content\"><span class=\"stk--svg-wrapper\"><div class=\"stk--inner-svg\"><svg aria-hidden=\"true\" width=\"32\" height=\"32\"><use xlink:href=\"#stk-icon-list__icon-svg-def-ab51dc9\"><\/use><\/svg><\/div><\/span><span class=\"stk-block-icon-list-item__text\">CV en <strong>formato canadiense<\/strong> adaptado a tu perfil.<\/span><\/div><\/li>\n\n\n\n<li class=\"wp-block-stackable-icon-list-item stk-block-icon-list-item stk-block stk-d8e85fb\" data-block-id=\"d8e85fb\"><div class=\"stk-block-icon-list-item__content\"><span class=\"stk--svg-wrapper\"><div class=\"stk--inner-svg\"><svg aria-hidden=\"true\" width=\"32\" height=\"32\"><use xlink:href=\"#stk-icon-list__icon-svg-def-ab51dc9\"><\/use><\/svg><\/div><\/span><span class=\"stk-block-icon-list-item__text\">Revisi\u00f3n y correcci\u00f3n personalizada.<\/span><\/div><\/li>\n\n\n\n<li class=\"wp-block-stackable-icon-list-item stk-block-icon-list-item stk-block stk-455cdcc\" data-block-id=\"455cdcc\"><div class=\"stk-block-icon-list-item__content\"><span class=\"stk--svg-wrapper\"><div class=\"stk--inner-svg\"><svg aria-hidden=\"true\" width=\"32\" height=\"32\"><use xlink:href=\"#stk-icon-list__icon-svg-def-ab51dc9\"><\/use><\/svg><\/div><\/span><span class=\"stk-block-icon-list-item__text\">Ajustes seg\u00fan el tipo de trabajo al que aplicas.<\/span><\/div><\/li>\n\n\n\n<li class=\"wp-block-stackable-icon-list-item stk-block-icon-list-item stk-block stk-02dbc54\" data-block-id=\"02dbc54\"><div class=\"stk-block-icon-list-item__content\"><span class=\"stk--svg-wrapper\"><div class=\"stk--inner-svg\"><svg aria-hidden=\"true\" width=\"32\" height=\"32\"><use xlink:href=\"#stk-icon-list__icon-svg-def-ab51dc9\"><\/use><\/svg><\/div><\/span><span class=\"stk-block-icon-list-item__text\">Explicaci\u00f3n clara de <strong>d\u00f3nde buscar trabajo en Canad\u00e1<\/strong>.<\/span><\/div><\/li>\n\n\n\n<li class=\"wp-block-stackable-icon-list-item stk-block-icon-list-item stk-block stk-0c6246d\" data-block-id=\"0c6246d\"><div class=\"stk-block-icon-list-item__content\"><span class=\"stk--svg-wrapper\"><div class=\"stk--inner-svg\"><svg aria-hidden=\"true\" width=\"32\" height=\"32\"><use xlink:href=\"#stk-icon-list__icon-svg-def-ab51dc9\"><\/use><\/svg><\/div><\/span><span class=\"stk-block-icon-list-item__text\"><strong>Seguimiento durante 6 semanas.<\/strong><\/span><\/div><\/li>\n<\/ul><\/div>\n\n\n\n<div class=\"wp-block-stackable-divider stk-block-divider stk-block stk-ffbfa0f\" data-block-id=\"ffbfa0f\"><style>.stk-ffbfa0f hr.stk-block-divider__hr{width:100% !important;}<\/style><hr class=\"stk-block-divider__hr\"\/><\/div>\n\n\n\n<div class=\"wp-block-stackable-button-group stk-block-button-group stk-block stk-5c153c9\" data-block-id=\"5c153c9\"><style>.stk-5c153c9 .stk-block-button, .stk-5c153c9 .stk-block-icon-button{flex:1 0 0% !important;}<\/style><div class=\"stk-row stk-inner-blocks stk-block-content stk-button-group\">\n<div class=\"wp-block-stackable-button stk-block-button stk-block stk-32f5d63\" data-block-id=\"32f5d63\"><a class=\"stk-link stk-button stk--hover-effect-darken\" href=\"https:\/\/buy.stripe.com\/00w4gAfvtawn95OfWq1oI08\" rel=\"nofollow noopener\" target=\"_blank\"><span class=\"stk-button__inner-text\">Buy Now<\/span><\/a><\/div>\n<\/div><\/div>\n<\/div><\/div><\/div>\n<\/div><\/div>\n\n\n\n<div class=\"wp-block-stackable-columns alignfull stk-block-columns stk-block stk-84f98b0\" data-block-id=\"84f98b0\"><style>.stk-84f98b0 {margin-top:var(--stk--preset--spacing--70, 3.38rem) !important;margin-bottom:var(--stk--preset--spacing--70, 3.38rem) !important;}<\/style><div class=\"stk-row stk-inner-blocks stk-block-content stk-content-align stk-84f98b0-column\">\n<div class=\"wp-block-stackable-column stk-block-column stk-column stk-block stk-8ead25a\" data-v=\"4\" data-block-id=\"8ead25a\"><div class=\"stk-column-wrapper stk-block-column__content stk-container stk-8ead25a-container stk--no-background stk--no-padding\"><div class=\"stk-block-content stk-inner-blocks stk-8ead25a-inner-blocks\">\n<div class=\"wp-block-stackable-heading stk-block-heading stk-block-heading--v2 stk-block stk-88055ba\" id=\"heading-placeholder\" data-block-id=\"88055ba\"><h2 class=\"stk-block-heading__text has-text-align-center\">Historias reales, resultados reales<\/h2><\/div>\n\n\n\n<div class=\"wp-block-stackable-text stk-block-text stk-block stk-b0c691f\" data-block-id=\"b0c691f\"><style>.stk-b0c691f {margin-bottom:40px !important;}<\/style><p class=\"stk-block-text__text has-text-align-center\">La experiencia de quienes ya viven su aventura en Canad\u00e1<\/p><\/div>\n\n\n\n<div class=\"wp-block-stackable-columns stk-block-columns stk-block stk-f8de388\" data-block-id=\"f8de388\"><div class=\"stk-row stk-inner-blocks stk-block-content stk-content-align stk-f8de388-column\">\n<div class=\"wp-block-stackable-column stk-block-column stk-column stk-block stk-19fdbaa\" data-v=\"4\" data-block-id=\"19fdbaa\"><style>.stk-19fdbaa-inner-blocks{justify-content:center !important;}@media screen and (min-width:690px){.stk-19fdbaa {flex:var(--stk-flex-grow, 1) 1 calc(49.79999999999998% - var(--stk-column-gap, 0px) * 1 \/ 2 ) !important;}}<\/style><div class=\"stk-column-wrapper stk-block-column__content stk-container stk-19fdbaa-container stk--no-background stk--no-padding\"><div class=\"stk--column-flex stk-block-content stk-inner-blocks stk-19fdbaa-inner-blocks\">\n<div class=\"wp-block-stackable-image stk-block-image stk-block stk-49c64a7\" data-block-id=\"49c64a7\"><style>.stk-49c64a7 .stk-img-wrapper{aspect-ratio:4\/3 !important;height:auto !important;}@media screen and (max-width:999px){.stk-49c64a7 .stk-img-wrapper{height:auto !important;}}@media screen and (max-width:689px){.stk-49c64a7 .stk-img-wrapper{height:auto !important;}}<\/style><figure><span class=\"stk-img-wrapper stk-image--shape-stretch\"><img loading=\"lazy\" decoding=\"async\" class=\"stk-img wp-image-1382\" src=\"https:\/\/ohpair.weplika.com\/wp-content\/uploads\/2025\/11\/leti.png\" width=\"1188\" height=\"995\" srcset=\"https:\/\/ohpair.weplika.com\/wp-content\/uploads\/2025\/11\/leti.png 1188w, https:\/\/ohpair.weplika.com\/wp-content\/uploads\/2025\/11\/leti-300x251.png 300w, https:\/\/ohpair.weplika.com\/wp-content\/uploads\/2025\/11\/leti-1024x858.png 1024w, https:\/\/ohpair.weplika.com\/wp-content\/uploads\/2025\/11\/leti-768x643.png 768w, https:\/\/ohpair.weplika.com\/wp-content\/uploads\/2025\/11\/leti-14x12.png 14w, https:\/\/ohpair.weplika.com\/wp-content\/uploads\/2025\/11\/leti-500x419.png 500w, https:\/\/ohpair.weplika.com\/wp-content\/uploads\/2025\/11\/leti-600x503.png 600w\" sizes=\"auto, (max-width: 1188px) 100vw, 1188px\" \/><\/span><\/figure><\/div>\n<\/div><\/div><\/div>\n\n\n\n<div class=\"wp-block-stackable-column stk-block-column stk-column stk-block stk-af67cbc\" data-v=\"4\" data-block-id=\"af67cbc\"><style>@media screen and (min-width:690px){.stk-af67cbc {flex:var(--stk-flex-grow, 1) 1 calc(50.20000000000002% - var(--stk-column-gap, 0px) * 1 \/ 2 ) !important;}}<\/style><div class=\"stk-column-wrapper stk-block-column__content stk-container stk-af67cbc-container stk--no-background stk--no-padding\"><div class=\"stk-block-content stk-inner-blocks stk-af67cbc-inner-blocks stk--align-last-block-to-bottom\">\n<div class=\"wp-block-stackable-icon stk-block-icon has-text-align-left stk-block stk-22e2b93\" data-block-id=\"22e2b93\"><style>.stk-22e2b93 {margin-bottom:0px !important;}<\/style><span class=\"stk--svg-wrapper\"><div class=\"stk--inner-svg\"><svg style=\"height:0;width:0\"><defs><lineargradient id=\"linear-gradient-22e2b93\" x1=\"0\" x2=\"100%\" y1=\"0\" y2=\"0\"><stop offset=\"0%\" style=\"stop-opacity:1;stop-color:var(--linear-gradient-22-e-2-b-93-color-1)\"><\/stop><stop offset=\"100%\" style=\"stop-opacity:1;stop-color:var(--linear-gradient-22-e-2-b-93-color-2)\"><\/stop><\/lineargradient><\/defs><\/svg><svg xmlns=\"http:\/\/www.w3.org\/2000\/svg\" viewbox=\"0 0 448 512\" aria-hidden=\"true\" width=\"32\" height=\"32\"><path d=\"M0 216C0 149.7 53.7 96 120 96h8c17.7 0 32 14.3 32 32s-14.3 32-32 32h-8c-30.9 0-56 25.1-56 56v8h64c35.3 0 64 28.7 64 64v64c0 35.3-28.7 64-64 64H64c-35.3 0-64-28.7-64-64V320 288 216zm256 0c0-66.3 53.7-120 120-120h8c17.7 0 32 14.3 32 32s-14.3 32-32 32h-8c-30.9 0-56 25.1-56 56v8h64c35.3 0 64 28.7 64 64v64c0 35.3-28.7 64-64 64H320c-35.3 0-64-28.7-64-64V320 288 216z\"><\/path><\/svg><\/div><\/span><\/div>\n\n\n\n<div class=\"wp-block-stackable-text stk-block-text stk-block stk-7db5951\" data-block-id=\"7db5951\"><style>.stk-7db5951 {margin-bottom:nullpx !important;}<\/style><p class=\"stk-block-text__text\">Llegar a Canad\u00e1 es emocionante, pero tambi\u00e9n da miedo. No conoc\u00eda a nadie aqu\u00ed y ten\u00eda mil dudas, pero Oh! Pair se convirti\u00f3 en mi familia desde el primer d\u00eda. No solo me ayudaron con la visa, los documentos y el proceso, sino que estuvieron para m\u00ed en todo momento.<\/p><\/div>\n\n\n\n<div class=\"wp-block-stackable-text stk-block-text stk-block stk-cd82792\" data-block-id=\"cd82792\"><style>.stk-cd82792 {margin-bottom:0px !important;}.stk-cd82792 .stk-block-text__text{font-weight:bold !important;}<\/style><p class=\"stk-block-text__text\">Leticia Galarza<\/p><\/div>\n\n\n\n<div class=\"wp-block-stackable-subtitle stk-block-subtitle stk-block stk-2aa3397\" data-block-id=\"2aa3397\"><p class=\"stk-block-subtitle__text stk-subtitle\">West Kelowna<\/p><\/div>\n<\/div><\/div><\/div>\n<\/div><\/div>\n<\/div><\/div><\/div>\n<\/div><\/div>","protected":false},"excerpt":{"rendered":"<p>Tu Acceso al Mercado Laboral en Canad\u00e1 Aprende c\u00f3mo funciona el mercado laboral, mejora tu CV al estilo canadiense y aplica con confianza. Te acompa\u00f1amos con estrategias claras, ejemplos reales y soporte continuo para que alcances tus metas laborales. Conocer M\u00e1s PAQUETE WORK ACCESS Un programa pr\u00e1ctico y guiado para personas que ya est\u00e1n en [&hellip;]<\/p>","protected":false},"author":1,"featured_media":0,"parent":0,"menu_order":0,"comment_status":"closed","ping_status":"closed","template":"","meta":{"footnotes":""},"class_list":["post-1529","page","type-page","status-publish","hentry"],"blocksy_meta":[],"_hostinger_reach_plugin_has_subscription_block":false,"_hostinger_reach_plugin_is_elementor":false,"_links":{"self":[{"href":"https:\/\/ohpair.weplika.com\/es\/wp-json\/wp\/v2\/pages\/1529","targetHints":{"allow":["GET"]}}],"collection":[{"href":"https:\/\/ohpair.weplika.com\/es\/wp-json\/wp\/v2\/pages"}],"about":[{"href":"https:\/\/ohpair.weplika.com\/es\/wp-json\/wp\/v2\/types\/page"}],"author":[{"embeddable":true,"href":"https:\/\/ohpair.weplika.com\/es\/wp-json\/wp\/v2\/users\/1"}],"replies":[{"embeddable":true,"href":"https:\/\/ohpair.weplika.com\/es\/wp-json\/wp\/v2\/comments?post=1529"}],"version-history":[{"count":8,"href":"https:\/\/ohpair.weplika.com\/es\/wp-json\/wp\/v2\/pages\/1529\/revisions"}],"predecessor-version":[{"id":1801,"href":"https:\/\/ohpair.weplika.com\/es\/wp-json\/wp\/v2\/pages\/1529\/revisions\/1801"}],"wp:attachment":[{"href":"https:\/\/ohpair.weplika.com\/es\/wp-json\/wp\/v2\/media?parent=1529"}],"curies":[{"name":"wp","href":"https:\/\/api.w.org\/{rel}","templated":true}]}}